{"id":766,"date":"2025-03-04T13:38:36","date_gmt":"2025-03-04T11:38:36","guid":{"rendered":"https:\/\/l-vision.fi\/?page_id=766"},"modified":"2025-03-10T16:09:26","modified_gmt":"2025-03-10T14:09:26","slug":"toimitusehdot","status":"publish","type":"page","link":"https:\/\/l-vision.fi\/et\/toimitusehdot\/","title":{"rendered":"Tarnetingimused"},"content":{"rendered":"<div data-elementor-type=\"wp-page\" data-elementor-id=\"766\" class=\"elementor elementor-766\" data-elementor-post-type=\"page\">\n\t\t\t\t\t\t<section class=\"elementor-section elementor-top-section elementor-element elementor-element-55b945e elementor-section-boxed elementor-section-height-default elementor-section-height-default\" data-id=\"55b945e\" data-element_type=\"section\" data-settings=\"{&quot;background_background&quot;:&quot;classic&quot;}\">\n\t\t\t\t\t\t\t<div class=\"elementor-background-overlay\"><\/div>\n\t\t\t\t\t\t\t<div class=\"elementor-container elementor-column-gap-default\">\n\t\t\t\t\t<div class=\"elementor-column elementor-col-100 elementor-top-column elementor-element elementor-element-bc0d1fa\" data-id=\"bc0d1fa\" data-element_type=\"column\">\n\t\t\t<div class=\"elementor-widget-wrap elementor-element-populated\">\n\t\t\t\t\t\t<div class=\"elementor-element elementor-element-d294007 elementor-widget elementor-widget-heading\" data-id=\"d294007\" data-element_type=\"widget\" data-widget_type=\"heading.default\">\n\t\t\t\t<div class=\"elementor-widget-container\">\n\t\t\t\t\t<h2 class=\"elementor-heading-title elementor-size-default\">Tarnetingimused <\/h2>\t\t\t\t<\/div>\n\t\t\t\t<\/div>\n\t\t\t\t\t<\/div>\n\t\t<\/div>\n\t\t\t\t\t<\/div>\n\t\t<\/section>\n\t\t\t\t<section class=\"elementor-section elementor-top-section elementor-element elementor-element-29a56c9 elementor-section-boxed elementor-section-height-default elementor-section-height-default\" data-id=\"29a56c9\" data-element_type=\"section\" data-settings=\"{&quot;background_background&quot;:&quot;classic&quot;,&quot;shape_divider_bottom&quot;:&quot;waves&quot;}\">\n\t\t\t\t\t\t\t<div class=\"elementor-background-overlay\"><\/div>\n\t\t\t\t\t\t<div class=\"elementor-shape elementor-shape-bottom\" data-negative=\"false\">\n\t\t\t<svg xmlns=\"http:\/\/www.w3.org\/2000\/svg\" viewbox=\"0 0 1000 100\" preserveaspectratio=\"none\">\n\t<path class=\"elementor-shape-fill\" d=\"M421.9,6.5c22.6-2.5,51.5,0.4,75.5,5.3c23.6,4.9,70.9,23.5,100.5,35.7c75.8,32.2,133.7,44.5,192.6,49.7\tc23.6,2.1,48.7,3.5,103.4-2.5c54.7-6,106.2-25.6,106.2-25.6V0H0v30.3c0,0,72,32.6,158.4,30.5c39.2-0.7,92.8-6.7,134-22.4\tc21.2-8.1,52.2-18.2,79.7-24.2C399.3,7.9,411.6,7.5,421.9,6.5z\"\/>\n<\/svg>\t\t<\/div>\n\t\t\t\t\t<div class=\"elementor-container elementor-column-gap-default\">\n\t\t\t\t\t<div class=\"elementor-column elementor-col-100 elementor-top-column elementor-element elementor-element-c4d168b\" data-id=\"c4d168b\" data-element_type=\"column\">\n\t\t\t<div class=\"elementor-widget-wrap elementor-element-populated\">\n\t\t\t\t\t\t<div class=\"elementor-element elementor-element-7dd1232 elementor-widget elementor-widget-text-editor\" data-id=\"7dd1232\" data-element_type=\"widget\" data-widget_type=\"text-editor.default\">\n\t\t\t\t<div class=\"elementor-widget-container\">\n\t\t\t\t\t\t\t\t\t<p>L-Visioni tarnetingimused t\u00e4iendavad pakkumuse ja tellimuse kinnitusega kaasas olnud lepingutingimusi. L-Vision kohaldab oma tegevuses RYHT 2000 tingimusi.<\/p><p><strong>Tellija\/saaja\/esindaja <\/strong><strong>kohustus kontrollida:<\/strong><\/p><p><strong>Kohaletoimetatud\/saadava kauba ja <\/strong><strong>v\u00f5imalike transpordikahjustuste vastuv\u00f5tukontroll<\/strong><\/p><p>Tellija\/saaja\/esindaja peab:<\/p><p>-Kontrollib, et tooted ja kogused vastavad tellimusele.<\/p><p>-M\u00e4rkige veokirjas k\u00f5ik lahknevused v\u00f5i transpordikahjustused.<\/p><ul><li>Vedaja peab aktsepteerima ja allkirjastama veokirjas oleva kande, kui seda ei tehta, kaotab vedaja \u00f5iguse kaebuse esitamiseks.<\/li><\/ul><p>\u00a0<\/p><p>-Teatage viivitamatult L Vision Sales'ile k\u00f5ikidest lahknevustest v\u00f5i kahjustustest.<\/p><p><strong>2. Kontrollimine enne kaupade paigaldamist<\/strong><\/p><p>Tellija\/saaja\/esindaja peab:<\/p><p>-Kontrollib k\u00f5iki tootepakendeid, et tagada etikettide j\u00e4rjepidevus ja vastavus saatelehel esitatud tooteinformatsioonile.<\/p><p>-Kontrollib, et tooted oleksid terved.<\/p><p>-Pange t\u00e4hele, et k\u00f5ik kaebused kauba tarne, koguse ja kvaliteedi kohta tuleb esitada viivitamatult, kuid mitte hiljem kui 5 p\u00e4eva p\u00e4rast kauba k\u00e4ttesaamist ja alati enne plaatide\/toodete paigaldamist. Kui teade ei ole esitatud, kaotatakse \u00f5igus reklamatsiooni esitamiseks.<\/p><p>-Kui esitate kaebuse saadetise\/toote kohta, esitage L-Visionile saateleht ja kirjalik avaldus (koos piltidega), milles on m\u00e4rgitud kaebuse ese.<\/p><p>-Kahjustatud kauba hoidmine kuni kahjustuse kontrollimiseni v\u00f5i kuni teisiti ei ole kokku lepitud.<\/p><p>-Pange t\u00e4hele, et kaupa ei tohi v\u00f5\u00f5randada ilma L-Visioni loata.<\/p><p>-Paigaldatud toode loetakse vastuv\u00f5tja poolt vastuv\u00f5etuks.<\/p><p><strong>3. Paigaldaja\/paigaldaja: kui toode on paigaldatud, kontrollige neid:<\/strong><\/p><p>-Esindaja peab toote kontrollima ja teatama viivitamata k\u00f5ikidest puudustest.<\/p><p>-Partiiga t\u00f6\u00f6tamine h\u00f5lmab materjali kvaliteedi j\u00e4lgimist ja vajalike valikute tegemist kogu t\u00f6\u00f6 k\u00e4igus.<\/p><p>-Vigase toote edasine t\u00f6\u00f6tlemine tuleb peatada. T\u00f6\u00f6d v\u00f5ib j\u00e4tkata ainult niiv\u00f5rd, kuiv\u00f5rd toodet saab paigaldada veatu tulemusega.<\/p><p>-Vigase toote parandamine on rangelt keelatud.<\/p><p>-Vigade toote kogus tuleb hinnata ja, kui see on kokku lepitud, identifitseerida ja\/v\u00f5i tagastada.<\/p><p><strong>4. Tagasimaksed<\/strong><\/p><p>Tellimused on siduvad ja tarnija ei v\u00f5ta tagasi, kui enne tellimuse kinnitamist ei ole kirjalikult kokku lepitud teisiti. See kehtib ka defektivabade ja kasutamata toodete kohta. Klient vastutab tellitud koguste \u00f5igsuse eest ja selle eest, et tellitud tooted sobivad etten\u00e4htud otstarbeks.<\/p><p>P\u00e4rast pakkumise vastuv\u00f5tmist ei saa klient tellimust t\u00fchistada ilma pakkuja kirjaliku n\u00f5usolekuta. T\u00fchistamisega n\u00f5ustumise korral on pakkujal \u00f5igus n\u00f5uda tekkinud kulud ja v\u00f5imalikud kahjud.<\/p><p>Kui L-Vision on tarninud defektsed tooted v\u00f5i tellitud toodetest erinevad tooted, peavad tagastatud tooted olema m\u00fc\u00fcgik\u00f5lblikus seisukorras, defektideta ja avamata pakendis. Tagastamine v\u00f5i vahetamine tuleb alati m\u00fc\u00fcjaga kokku leppida. Kui tagastamine ei ole vastuv\u00f5etav v\u00f5i kui tarnekuup\u00e4ev l\u00fckatakse edasi, v\u00f5tame t\u00e4iendava ladustamise eest 20 eurot kaubaaluse kohta (k\u00e4ibemaks 0%) n\u00e4dala v\u00f5i selle osa kohta, kui ei ole kokku lepitud teisiti. Kui ei ole kokku lepitud teisiti, hoiustame tooteid 1 kuu p\u00e4rast kokkulepitud tarnekuup\u00e4eva, mille j\u00e4rel kliendi \u00f5igus toodetele l\u00f5peb.<\/p><p><strong>5. Viga paigaldatud tootes<\/strong><\/p><p>-Uuringut teostavad paigaldaja ja tellija. Hindamine ja defekti kindlaksm\u00e4\u00e4ramine toimub vastavalt tootespetsiifilistele hindamiskriteeriumidele.<\/p><p>-Vigade hindamise eesm\u00e4rk on kindlaks teha, kes on kaebuse eest vastutav, mille j\u00e4rel suunatakse n\u00f5uded vastavalt hinnangule (nt kliendile, kinnitajale, kinnitusmaterjali tootjale, sillutisele, aluspinnale v\u00f5i l\u00f5pptarbijale).<\/p><p>-Kui asi ei ole seotud paigaldusvigadega, teavitab m\u00fc\u00fcja v\u00f5i paigaldaja tarnijat kontrollikohustusest.<\/p><p><strong>6. Vastutus h\u00fcvitise maksmise eest<\/strong><\/p><p>Vastutus m\u00e4\u00e4ratakse kindlaks kohaldatava lepingu v\u00f5i alternatiivsete lepingu\u00f5iguse p\u00f5him\u00f5tete alusel.<\/p><p>M\u00fc\u00fcja peab teid viivitamatult teavitama, kui tarne ei ole v\u00f5imalik t\u00e4ita v\u00f5i see hilineb. M\u00fc\u00fcja ei ole siiski kohustatud maksma viivist v\u00f5i muud h\u00fcvitist, kui m\u00fc\u00fcja t\u00f5endab, et tarne ei ole v\u00f5imalik v\u00f5i on hilinenud m\u00fc\u00fcjast s\u00f5ltumatult toimuva s\u00fcndmuse (nt Force Majeure) t\u00f5ttu, millega m\u00fc\u00fcja ei saanud lepingu s\u00f5lmimise ajal m\u00f5istlikult arvestada.<\/p><p>Kui toote tootja teatab m\u00fc\u00fcjale p\u00e4rast lepingu s\u00f5lmimist, et toode ei ole k\u00e4ttesaadav v\u00f5i kui tarneaeg pikeneb m\u00fc\u00fcjast mitteolenevatel p\u00f5hjustel, tuleb tarneplaani muuta. M\u00fc\u00fcja kohustub esitama m\u00f5istliku aja jooksul alternatiivse toote, mis vastab tehnilistele omadustele, on visuaalselt sarnane, sobib kasutamiseks ja maksab sama palju kui esialgses tarnekavas olev toode. Kui m\u00fc\u00fcja ei paku sellist alternatiivset toodet m\u00f5istliku aja jooksul ja m\u00f5istliku tarnet\u00e4htaja jooksul, on pooltel \u00f5igus k\u00f5nealuse toote tellimus t\u00fchistada.<\/p>\t\t\t\t\t\t\t\t<\/div>\n\t\t\t\t<\/div>\n\t\t\t\t\t<\/div>\n\t\t<\/div>\n\t\t\t\t\t<\/div>\n\t\t<\/section>\n\t\t\t\t<\/div>","protected":false},"excerpt":{"rendered":"<p>Toimitusehdot L-Visionin toimitusehdot t\u00e4ydent\u00e4v\u00e4t tarjouksen ja tilausvahvistuksen kanssa tulleita sopimusehtoja. L-Vision soveltaa toiminnassaan RYHT 2000 sopimusehtoja. Tilaajan\/Vastaanottajan\/Asentajan tarkastusvelvollisuus: 1. Toimitetun\/Noudetun tavaran vastaanottotarkastus ja mahdolliset kuljetusvahingot Tilaajan\/Vastaanottajan\/Asentajan tulee: -Tarkistaa, ett\u00e4 tuotteet ja m\u00e4\u00e4r\u00e4t vastaavat tilausta. -Merkit\u00e4 rahtikirjaan mahdollinen poikkeama tai kuljetusvahinko. Rahdinkuljettajan pit\u00e4\u00e4 hyv\u00e4ksy\u00e4 ja allekirjoittaa merkint\u00e4 rahtikirjassa, jos merkint\u00e4 laiminly\u00f6d\u00e4\u00e4n, menett\u00e4\u00e4 oikeutensa reklamoida toimituksesta \u00a0 [&hellip;]<\/p>","protected":false},"author":1,"featured_media":0,"parent":0,"menu_order":0,"comment_status":"closed","ping_status":"closed","template":"elementor_header_footer","meta":{"footnotes":""},"class_list":["post-766","page","type-page","status-publish","hentry"],"yoast_head":"<!-- This site is optimized with the Yoast SEO plugin v24.6 - https:\/\/yoast.com\/wordpress\/plugins\/seo\/ -->\n<title>Toimitusehdot - L-Vision<\/title>\n<meta name=\"robots\" content=\"index, follow, max-snippet:-1, max-image-preview:large, max-video-preview:-1\" \/>\n<link rel=\"canonical\" href=\"https:\/\/l-vision.fi\/et\/toimitusehdot\/\" \/>\n<meta property=\"og:locale\" content=\"et_EE\" \/>\n<meta property=\"og:type\" content=\"article\" \/>\n<meta property=\"og:title\" content=\"Toimitusehdot - L-Vision\" \/>\n<meta property=\"og:description\" content=\"Toimitusehdot L-Visionin toimitusehdot t\u00e4ydent\u00e4v\u00e4t tarjouksen ja tilausvahvistuksen kanssa tulleita sopimusehtoja. L-Vision soveltaa toiminnassaan RYHT 2000 sopimusehtoja. Tilaajan\/Vastaanottajan\/Asentajan tarkastusvelvollisuus: 1. Toimitetun\/Noudetun tavaran vastaanottotarkastus ja mahdolliset kuljetusvahingot Tilaajan\/Vastaanottajan\/Asentajan tulee: -Tarkistaa, ett\u00e4 tuotteet ja m\u00e4\u00e4r\u00e4t vastaavat tilausta. -Merkit\u00e4 rahtikirjaan mahdollinen poikkeama tai kuljetusvahinko. Rahdinkuljettajan pit\u00e4\u00e4 hyv\u00e4ksy\u00e4 ja allekirjoittaa merkint\u00e4 rahtikirjassa, jos merkint\u00e4 laiminly\u00f6d\u00e4\u00e4n, menett\u00e4\u00e4 oikeutensa reklamoida toimituksesta \u00a0 [&hellip;]\" \/>\n<meta property=\"og:url\" content=\"https:\/\/l-vision.fi\/et\/toimitusehdot\/\" \/>\n<meta property=\"og:site_name\" content=\"L-Vision\" \/>\n<meta property=\"article:modified_time\" content=\"2025-03-10T14:09:26+00:00\" \/>\n<meta name=\"twitter:card\" content=\"summary_large_image\" \/>\n<meta name=\"twitter:label1\" content=\"Est. reading time\" \/>\n\t<meta name=\"twitter:data1\" content=\"4 minutit\" \/>\n<script type=\"application\/ld+json\" class=\"yoast-schema-graph\">{\"@context\":\"https:\/\/schema.org\",\"@graph\":[{\"@type\":\"WebPage\",\"@id\":\"https:\/\/l-vision.fi\/toimitusehdot\/\",\"url\":\"https:\/\/l-vision.fi\/toimitusehdot\/\",\"name\":\"Toimitusehdot - L-Vision\",\"isPartOf\":{\"@id\":\"https:\/\/l-vision.fi\/#website\"},\"datePublished\":\"2025-03-04T11:38:36+00:00\",\"dateModified\":\"2025-03-10T14:09:26+00:00\",\"breadcrumb\":{\"@id\":\"https:\/\/l-vision.fi\/toimitusehdot\/#breadcrumb\"},\"inLanguage\":\"et\",\"potentialAction\":[{\"@type\":\"ReadAction\",\"target\":[\"https:\/\/l-vision.fi\/toimitusehdot\/\"]}]},{\"@type\":\"BreadcrumbList\",\"@id\":\"https:\/\/l-vision.fi\/toimitusehdot\/#breadcrumb\",\"itemListElement\":[{\"@type\":\"ListItem\",\"position\":1,\"name\":\"Etusivu\",\"item\":\"https:\/\/l-vision.fi\/\"},{\"@type\":\"ListItem\",\"position\":2,\"name\":\"Toimitusehdot\"}]},{\"@type\":\"WebSite\",\"@id\":\"https:\/\/l-vision.fi\/#website\",\"url\":\"https:\/\/l-vision.fi\/\",\"name\":\"L-Vision\",\"description\":\"\",\"potentialAction\":[{\"@type\":\"SearchAction\",\"target\":{\"@type\":\"EntryPoint\",\"urlTemplate\":\"https:\/\/l-vision.fi\/?s={search_term_string}\"},\"query-input\":{\"@type\":\"PropertyValueSpecification\",\"valueRequired\":true,\"valueName\":\"search_term_string\"}}],\"inLanguage\":\"et\"}]}<\/script>\n<!-- \/ Yoast SEO plugin. -->","yoast_head_json":{"title":"Toimitusehdot - L-Vision","robots":{"index":"index","follow":"follow","max-snippet":"max-snippet:-1","max-image-preview":"max-image-preview:large","max-video-preview":"max-video-preview:-1"},"canonical":"https:\/\/l-vision.fi\/et\/toimitusehdot\/","og_locale":"et_EE","og_type":"article","og_title":"Toimitusehdot - L-Vision","og_description":"Toimitusehdot L-Visionin toimitusehdot t\u00e4ydent\u00e4v\u00e4t tarjouksen ja tilausvahvistuksen kanssa tulleita sopimusehtoja. L-Vision soveltaa toiminnassaan RYHT 2000 sopimusehtoja. Tilaajan\/Vastaanottajan\/Asentajan tarkastusvelvollisuus: 1. Toimitetun\/Noudetun tavaran vastaanottotarkastus ja mahdolliset kuljetusvahingot Tilaajan\/Vastaanottajan\/Asentajan tulee: -Tarkistaa, ett\u00e4 tuotteet ja m\u00e4\u00e4r\u00e4t vastaavat tilausta. -Merkit\u00e4 rahtikirjaan mahdollinen poikkeama tai kuljetusvahinko. Rahdinkuljettajan pit\u00e4\u00e4 hyv\u00e4ksy\u00e4 ja allekirjoittaa merkint\u00e4 rahtikirjassa, jos merkint\u00e4 laiminly\u00f6d\u00e4\u00e4n, menett\u00e4\u00e4 oikeutensa reklamoida toimituksesta \u00a0 [&hellip;]","og_url":"https:\/\/l-vision.fi\/et\/toimitusehdot\/","og_site_name":"L-Vision","article_modified_time":"2025-03-10T14:09:26+00:00","twitter_card":"summary_large_image","twitter_misc":{"Est. reading time":"4 minutit"},"schema":{"@context":"https:\/\/schema.org","@graph":[{"@type":"WebPage","@id":"https:\/\/l-vision.fi\/toimitusehdot\/","url":"https:\/\/l-vision.fi\/toimitusehdot\/","name":"Toimitusehdot - L-Vision","isPartOf":{"@id":"https:\/\/l-vision.fi\/#website"},"datePublished":"2025-03-04T11:38:36+00:00","dateModified":"2025-03-10T14:09:26+00:00","breadcrumb":{"@id":"https:\/\/l-vision.fi\/toimitusehdot\/#breadcrumb"},"inLanguage":"et","potentialAction":[{"@type":"ReadAction","target":["https:\/\/l-vision.fi\/toimitusehdot\/"]}]},{"@type":"BreadcrumbList","@id":"https:\/\/l-vision.fi\/toimitusehdot\/#breadcrumb","itemListElement":[{"@type":"ListItem","position":1,"name":"Etusivu","item":"https:\/\/l-vision.fi\/"},{"@type":"ListItem","position":2,"name":"Toimitusehdot"}]},{"@type":"WebSite","@id":"https:\/\/l-vision.fi\/#website","url":"https:\/\/l-vision.fi\/","name":"L-Vision","description":"","potentialAction":[{"@type":"SearchAction","target":{"@type":"EntryPoint","urlTemplate":"https:\/\/l-vision.fi\/?s={search_term_string}"},"query-input":{"@type":"PropertyValueSpecification","valueRequired":true,"valueName":"search_term_string"}}],"inLanguage":"et"}]}},"_links":{"self":[{"href":"https:\/\/l-vision.fi\/et\/wp-json\/wp\/v2\/pages\/766","targetHints":{"allow":["GET"]}}],"collection":[{"href":"https:\/\/l-vision.fi\/et\/wp-json\/wp\/v2\/pages"}],"about":[{"href":"https:\/\/l-vision.fi\/et\/wp-json\/wp\/v2\/types\/page"}],"author":[{"embeddable":true,"href":"https:\/\/l-vision.fi\/et\/wp-json\/wp\/v2\/users\/1"}],"replies":[{"embeddable":true,"href":"https:\/\/l-vision.fi\/et\/wp-json\/wp\/v2\/comments?post=766"}],"version-history":[{"count":22,"href":"https:\/\/l-vision.fi\/et\/wp-json\/wp\/v2\/pages\/766\/revisions"}],"predecessor-version":[{"id":1036,"href":"https:\/\/l-vision.fi\/et\/wp-json\/wp\/v2\/pages\/766\/revisions\/1036"}],"wp:attachment":[{"href":"https:\/\/l-vision.fi\/et\/wp-json\/wp\/v2\/media?parent=766"}],"curies":[{"name":"wp","href":"https:\/\/api.w.org\/{rel}","templated":true}]}}